{"id":293,"date":"2025-01-11T19:45:48","date_gmt":"2025-01-11T19:45:48","guid":{"rendered":"https:\/\/fhugibi.pl\/?page_id=293"},"modified":"2025-01-11T20:51:44","modified_gmt":"2025-01-11T20:51:44","slug":"oferta","status":"publish","type":"page","link":"https:\/\/fhugibi.pl\/index.php\/oferta\/","title":{"rendered":"Oferta"},"content":{"rendered":"<div data-colibri-id=\"293-c1\" class=\"style-307 style-local-293-c1 position-relative\">\n  <!---->\n  <div data-colibri-component=\"section\" data-colibri-id=\"293-c2\" id=\"features\" class=\"h-section h-section-global-spacing d-flex align-items-lg-center align-items-md-center align-items-center style-310 style-local-293-c2 position-relative\">\n    <!---->\n    <!---->\n    <div class=\"h-section-grid-container h-section-boxed-container\">\n      <div data-colibri-id=\"293-c28\" class=\"h-row-container gutters-row-lg-2 gutters-row-md-2 gutters-row-0 gutters-row-v-lg-2 gutters-row-v-md-2 gutters-row-v-2 style-318 style-local-293-c28 position-relative\">\n        <!---->\n        <div class=\"h-row justify-content-lg-center justify-content-md-center justify-content-center align-items-lg-stretch align-items-md-stretch align-items-stretch gutters-col-lg-2 gutters-col-md-2 gutters-col-0 gutters-col-v-lg-2 gutters-col-v-md-2 gutters-col-v-2\">\n          <!---->\n          <div class=\"h-column h-column-container d-flex h-col-lg-auto h-col-md-auto h-col-auto style-319-outer style-local-293-c29-outer\">\n            <div data-colibri-id=\"293-c29\" class=\"d-flex h-flex-basis h-column__inner h-px-lg-2 h-px-md-2 h-px-2 v-inner-lg-2 v-inner-md-2 v-inner-2 style-319 style-local-293-c29 position-relative\">\n              <!---->\n              <!---->\n              <div class=\"w-100 h-y-container h-column__content h-column__v-align flex-basis-100 align-self-lg-start align-self-md-start align-self-start\">\n                <!---->\n                <div data-colibri-id=\"293-c30\" class=\"h-global-transition-all h-heading style-320 style-local-293-c30 position-relative h-element\">\n                  <!---->\n                  <div class=\"h-heading__outer style-320 style-local-293-c30\">\n                    <!---->\n                    <!---->\n                    <h3 class=\"\">Kilka rzeczy, w kt\u00f3rych jeste\u015bmy \u015bwietni<\/h3>\n                  <\/div>\n                <\/div>\n                <div data-colibri-id=\"293-c31\" class=\"h-lead h-text h-text-component style-321 style-local-293-c31 position-relative h-element\">\n                  <!---->\n                  <!---->\n                  <div class=\"\">\n                    <p>Dysponujemy szerok\u0105 wiedz\u0105 oraz do\u015bwiadczeniem w zakresie poni\u017cszych us\u0142ug.<\/p>\n                  <\/div>\n                <\/div>\n              <\/div>\n            <\/div>\n          <\/div>\n        <\/div>\n      <\/div>\n      <div data-colibri-id=\"293-c3\" class=\"h-row-container gutters-row-lg-2 gutters-row-md-2 gutters-row-2 gutters-row-v-lg-2 gutters-row-v-md-2 gutters-row-v-2 style-311 style-local-293-c3 position-relative\">\n        <!---->\n        <div class=\"h-row justify-content-lg-center justify-content-md-center justify-content-center align-items-lg-stretch align-items-md-stretch align-items-stretch gutters-col-lg-2 gutters-col-md-2 gutters-col-2 gutters-col-v-lg-2 gutters-col-v-md-2 gutters-col-v-2\">\n          <!---->\n          <div class=\"h-column h-column-container d-flex h-col-lg-6 h-col-md-6 h-col-12 style-312-outer style-local-293-c4-outer\">\n            <div data-colibri-id=\"293-c4\" class=\"d-flex h-flex-basis h-column__inner h-px-lg-3 h-px-md-3 h-px-2 v-inner-lg-3 v-inner-md-3 v-inner-2 style-312 style-local-293-c4 position-relative\">\n              <!---->\n              <!---->\n              <div class=\"w-100 h-y-container h-column__content h-column__v-align flex-basis-100 align-self-lg-center align-self-md-center align-self-center\">\n                <!---->\n                <div data-colibri-id=\"293-c38\" class=\"d-block style-326 style-local-293-c38 position-relative h-element\">\n                  <!---->\n                  <div class=\"h-image__frame-container-outer\">\n                    <div class=\"h-image__frame-container\">\n                      <!---->\n                      <!---->\n                      <img fetchpriority=\"high\" decoding=\"async\" width=\"1000\" height=\"667\" src=\"http:\/\/fhugibi.pl\/wp-content\/uploads\/2025\/01\/4fb0afca43d59cdefd274ec1bae9.jpg\" class=\"wp-image-324 style-326-image style-local-293-c38-image\" alt=\"\" srcset=\"https:\/\/fhugibi.pl\/wp-content\/uploads\/2025\/01\/4fb0afca43d59cdefd274ec1bae9.jpg 1000w, https:\/\/fhugibi.pl\/wp-content\/uploads\/2025\/01\/4fb0afca43d59cdefd274ec1bae9-300x200.jpg 300w, https:\/\/fhugibi.pl\/wp-content\/uploads\/2025\/01\/4fb0afca43d59cdefd274ec1bae9-768x512.jpg 768w\" sizes=\"(max-width: 1000px) 100vw, 1000px\" \/>\n                      <div class=\"h-image__frame h-hide-lg h-hide-md h-hide-sm style-326-frameImage style-local-293-c38-frameImage\"><\/div>\n                    <\/div>\n                  <\/div>\n                <\/div>\n                <div data-colibri-id=\"293-c6\" class=\"h-global-transition-all h-heading style-314 style-local-293-c6 position-relative h-element\">\n                  <!---->\n                  <div class=\"h-heading__outer style-314 style-local-293-c6\">\n                    <!---->\n                    <!---->\n                    <h6 class=\"\">remonty przek\u0142adni, motoreduktor\u00f3w<\/h6>\n                  <\/div>\n                <\/div>\n                <div data-colibri-id=\"293-c7\" class=\"h-text h-text-component style-315 style-local-293-c7 position-relative h-element\">\n                  <!---->\n                  <!---->\n                  <div class=\"\">\n                    <p>SEW, NORD, BAUER oraz inne<\/p>\n                    <p>\n                      <br>\n                    <\/p>\n                  <\/div>\n                <\/div>\n              <\/div>\n            <\/div>\n          <\/div>\n          <div class=\"h-column h-column-container d-flex h-col-lg-6 h-col-md-6 h-col-12 style-312-outer style-local-293-c10-outer\">\n            <div data-colibri-id=\"293-c10\" class=\"d-flex h-flex-basis h-column__inner h-px-lg-3 h-px-md-3 h-px-2 v-inner-lg-3 v-inner-md-3 v-inner-2 style-312 style-local-293-c10 position-relative\">\n              <!---->\n              <!---->\n              <div class=\"w-100 h-y-container h-column__content h-column__v-align flex-basis-100 align-self-lg-center align-self-md-center align-self-center\">\n                <!---->\n                <div data-colibri-id=\"293-c32\" class=\"d-block style-322 style-local-293-c32 position-relative h-element\">\n                  <!---->\n                  <div class=\"h-image__frame-container-outer\">\n                    <div class=\"h-image__frame-container\">\n                      <!---->\n                      <!---->\n                      <img decoding=\"async\" width=\"1688\" height=\"1125\" src=\"http:\/\/fhugibi.pl\/wp-content\/uploads\/2025\/01\/Fachkraft-fur-Wasserversorgungstechnik.jpg\" class=\"wp-image-323 style-322-image style-local-293-c32-image\" alt=\"\" srcset=\"https:\/\/fhugibi.pl\/wp-content\/uploads\/2025\/01\/Fachkraft-fur-Wasserversorgungstechnik.jpg 1688w, https:\/\/fhugibi.pl\/wp-content\/uploads\/2025\/01\/Fachkraft-fur-Wasserversorgungstechnik-300x200.jpg 300w, https:\/\/fhugibi.pl\/wp-content\/uploads\/2025\/01\/Fachkraft-fur-Wasserversorgungstechnik-1024x682.jpg 1024w, https:\/\/fhugibi.pl\/wp-content\/uploads\/2025\/01\/Fachkraft-fur-Wasserversorgungstechnik-768x512.jpg 768w, https:\/\/fhugibi.pl\/wp-content\/uploads\/2025\/01\/Fachkraft-fur-Wasserversorgungstechnik-1536x1024.jpg 1536w\" sizes=\"(max-width: 1688px) 100vw, 1688px\" \/>\n                      <div class=\"h-image__frame h-hide-lg h-hide-md h-hide-sm style-322-frameImage style-local-293-c32-frameImage\"><\/div>\n                    <\/div>\n                  <\/div>\n                <\/div>\n                <div data-colibri-id=\"293-c12\" class=\"h-global-transition-all h-heading style-314 style-local-293-c12 position-relative h-element\">\n                  <!---->\n                  <div class=\"h-heading__outer style-314 style-local-293-c12\">\n                    <!---->\n                    <!---->\n                    <h6 class=\"\">remonty pomp<\/h6>\n                  <\/div>\n                <\/div>\n                <div data-colibri-id=\"293-c13\" class=\"h-text h-text-component style-315 style-local-293-c13 position-relative h-element\">\n                  <!---->\n                  <!---->\n                  <div class=\"\">\n                    <ul>\n                      <li>zatapialnych: GRUNDFOSS, KSB, LFP, METALCHEM&#8230;<\/li>\n                      <li>wirowych (spo\u017cywczych, przemys\u0142owych)<\/li>\n                      <li>myjek ci\u015bnieniowych: KARCHER, INTERPUMP&#8230;<\/li>\n                    <\/ul>\n                  <\/div>\n                <\/div>\n              <\/div>\n            <\/div>\n          <\/div>\n          <div class=\"h-column h-column-container d-flex h-col-lg-6 h-col-md-6 h-col-12 style-312-outer style-local-293-c16-outer\">\n            <div data-colibri-id=\"293-c16\" class=\"d-flex h-flex-basis h-column__inner h-px-lg-3 h-px-md-3 h-px-2 v-inner-lg-3 v-inner-md-3 v-inner-2 style-312 style-local-293-c16 position-relative\">\n              <!---->\n              <!---->\n              <div class=\"w-100 h-y-container h-column__content h-column__v-align flex-basis-100 align-self-lg-center align-self-md-center align-self-center\">\n                <!---->\n                <div data-colibri-id=\"293-c39\" class=\"d-block style-327 style-local-293-c39 position-relative h-element\">\n                  <!---->\n                  <div class=\"h-image__frame-container-outer\">\n                    <div class=\"h-image__frame-container\">\n                      <!---->\n                      <!---->\n                      <img decoding=\"async\" width=\"1688\" height=\"1125\" src=\"http:\/\/fhugibi.pl\/wp-content\/uploads\/2025\/01\/serwis2-scaled-e1722019989822-1.jpg\" class=\"wp-image-333 style-327-image style-local-293-c39-image\" alt=\"\" srcset=\"https:\/\/fhugibi.pl\/wp-content\/uploads\/2025\/01\/serwis2-scaled-e1722019989822-1.jpg 1688w, https:\/\/fhugibi.pl\/wp-content\/uploads\/2025\/01\/serwis2-scaled-e1722019989822-1-300x200.jpg 300w, https:\/\/fhugibi.pl\/wp-content\/uploads\/2025\/01\/serwis2-scaled-e1722019989822-1-1024x682.jpg 1024w, https:\/\/fhugibi.pl\/wp-content\/uploads\/2025\/01\/serwis2-scaled-e1722019989822-1-768x512.jpg 768w, https:\/\/fhugibi.pl\/wp-content\/uploads\/2025\/01\/serwis2-scaled-e1722019989822-1-1536x1024.jpg 1536w\" sizes=\"(max-width: 1688px) 100vw, 1688px\" \/>\n                      <div class=\"h-image__frame h-hide-lg h-hide-md h-hide-sm style-327-frameImage style-local-293-c39-frameImage\"><\/div>\n                    <\/div>\n                  <\/div>\n                <\/div>\n                <div data-colibri-id=\"293-c18\" class=\"h-global-transition-all h-heading style-314 style-local-293-c18 position-relative h-element\">\n                  <!---->\n                  <div class=\"h-heading__outer style-314 style-local-293-c18\">\n                    <!---->\n                    <!---->\n                    <h6 class=\"\">HYDRAULIKA SI\u0141OWA I PNEUMATYKA<\/h6>\n                  <\/div>\n                <\/div>\n                <div data-colibri-id=\"293-c19\" class=\"h-text h-text-component style-315 style-local-293-c19 position-relative h-element\">\n                  <!---->\n                  <!---->\n                  <div class=\"\">\n                    <p>\n                      <br>\n                    <\/p>\n                    <p>\n                      <br>\n                    <\/p>\n                  <\/div>\n                <\/div>\n              <\/div>\n            <\/div>\n          <\/div>\n          <div class=\"h-column h-column-container d-flex h-col-lg-6 h-col-md-6 h-col-12 style-312-outer style-local-293-c22-outer\">\n            <div data-colibri-id=\"293-c22\" class=\"d-flex h-flex-basis h-column__inner h-px-lg-3 h-px-md-3 h-px-2 v-inner-lg-3 v-inner-md-3 v-inner-2 style-312 style-local-293-c22 position-relative\">\n              <!---->\n              <!---->\n              <div class=\"w-100 h-y-container h-column__content h-column__v-align flex-basis-100 align-self-lg-center align-self-md-center align-self-center\">\n                <!---->\n                <div data-colibri-id=\"293-c40\" class=\"d-block style-328 style-local-293-c40 position-relative h-element\">\n                  <!---->\n                  <div class=\"h-image__frame-container-outer\">\n                    <div class=\"h-image__frame-container\">\n                      <!---->\n                      <!---->\n                      <img loading=\"lazy\" decoding=\"async\" width=\"512\" height=\"342\" src=\"http:\/\/fhugibi.pl\/wp-content\/uploads\/2025\/01\/cropped-unnamed-2.jpg\" class=\"wp-image-322 style-328-image style-local-293-c40-image\" alt=\"\" srcset=\"https:\/\/fhugibi.pl\/wp-content\/uploads\/2025\/01\/cropped-unnamed-2.jpg 512w, https:\/\/fhugibi.pl\/wp-content\/uploads\/2025\/01\/cropped-unnamed-2-300x200.jpg 300w\" sizes=\"(max-width: 512px) 100vw, 512px\" \/>\n                      <div class=\"h-image__frame h-hide-lg h-hide-md h-hide-sm style-328-frameImage style-local-293-c40-frameImage\"><\/div>\n                    <\/div>\n                  <\/div>\n                <\/div>\n                <div data-colibri-id=\"293-c24\" class=\"h-global-transition-all h-heading style-314 style-local-293-c24 position-relative h-element\">\n                  <!---->\n                  <div class=\"h-heading__outer style-314 style-local-293-c24\">\n                    <!---->\n                    <!---->\n                    <h6 class=\"\">kompleksowe us\u0142ugi monta\u017cu<\/h6>\n                  <\/div>\n                <\/div>\n                <div data-colibri-id=\"293-c25\" class=\"h-text h-text-component style-315 style-local-293-c25 position-relative h-element\">\n                  <!---->\n                  <!---->\n                  <div class=\"\">\n                    <ul>\n                      <li>nap\u0119d\u00f3w bram<\/li>\n                      <li>alarm\u00f3w<\/li>\n                      <li>monitoring\u00f3w&nbsp;<\/li>\n                    <\/ul>\n                  <\/div>\n                <\/div>\n              <\/div>\n            <\/div>\n          <\/div>\n          <div class=\"h-column h-column-container d-flex h-col-lg-6 h-col-md-6 h-col-12 style-329-outer style-local-293-c41-outer\">\n            <div data-colibri-id=\"293-c41\" class=\"d-flex h-flex-basis h-column__inner h-ui-empty-state-container h-px-lg-2 h-px-md-2 h-px-2 v-inner-lg-2 v-inner-md-2 v-inner-2 style-329 style-local-293-c41 position-relative\">\n              <!---->\n              <!---->\n              <div class=\"w-100 h-y-container h-column__content h-column__v-align flex-basis-100\">\n                <!---->\n              <\/div>\n            <\/div>\n          <\/div>\n        <\/div>\n      <\/div>\n      <div data-colibri-id=\"293-c33\" class=\"h-row-container gutters-row-lg-2 gutters-row-md-2 gutters-row-0 gutters-row-v-lg-2 gutters-row-v-md-2 gutters-row-v-2 style-323 style-local-293-c33 position-relative\">\n        <!---->\n        <div class=\"h-row justify-content-lg-center justify-content-md-center justify-content-center align-items-lg-stretch align-items-md-stretch align-items-stretch gutters-col-lg-2 gutters-col-md-2 gutters-col-0 gutters-col-v-lg-2 gutters-col-v-md-2 gutters-col-v-2\">\n          <!---->\n          <div class=\"h-column h-column-container d-flex h-col-lg-auto h-col-md-auto h-col-auto style-324-outer style-local-293-c34-outer\">\n            <div data-colibri-id=\"293-c34\" class=\"d-flex h-flex-basis h-column__inner h-px-lg-2 h-px-md-2 h-px-2 v-inner-lg-2 v-inner-md-2 v-inner-2 style-324 style-local-293-c34 position-relative\">\n              <!---->\n              <!---->\n              <div class=\"w-100 h-y-container h-column__content h-column__v-align flex-basis-100 align-self-lg-start align-self-md-start align-self-start\">\n                <!---->\n                <div data-colibri-id=\"293-c37\" class=\"h-text h-text-component style-325 style-local-293-c37 position-relative h-element\">\n                  <!---->\n                  <!---->\n                  <div class=\"\">\n                    <p>Znalaz\u0142e\u015b w\u015br\u00f3d naszych us\u0142ug to czego szuka\u0142e\u015b lub masz dla nas wyzwanie spoza listy? Odezwij si\u0119 do nas!<\/p>\n                  <\/div>\n                <\/div>\n                <div data-colibri-id=\"293-c35\" class=\"h-x-container style-316 style-local-293-c35 position-relative h-element\">\n                  <!---->\n                  <div class=\"h-x-container-inner style-dynamic-293-c35-group style-316-spacing style-local-293-c35-spacing\"><span class=\"h-button__outer style-317-outer style-local-293-c36-outer d-inline-flex h-element\"><a h-use-smooth-scroll=\"true\" href=\"https:\/\/fhugibi.pl\/#contact\"  data-colibri-id=\"293-c36\" class=\"d-flex w-100 align-items-center h-button justify-content-lg-center justify-content-md-center justify-content-center style-317 style-local-293-c36 position-relative\"><!----><!----> <span>skontaktuj si\u0119 z nami<\/span><\/a>\n                    <\/span>\n                  <\/div>\n                <\/div>\n              <\/div>\n            <\/div>\n          <\/div>\n        <\/div>\n      <\/div>\n    <\/div>\n  <\/div>\n<\/div>","protected":false},"excerpt":{"rendered":"<p>Kilka rzeczy, w kt\u00f3rych jeste\u015bmy \u015bwietni Dysponujemy szerok\u0105 wiedz\u0105 oraz do\u015bwiadczeniem w zakresie poni\u017cszych us\u0142ug. remonty przek\u0142adni, motoreduktor\u00f3w SEW, NORD, BAUER oraz inne remonty pomp zatapialnych: GRUNDFOSS, KSB, LFP, METALCHEM&#8230; wirowych (spo\u017cywczych, przemys\u0142owych) myjek ci\u015bnieniowych: KARCHER, INTERPUMP&#8230; HYDRAULIKA SI\u0141OWA I PNEUMATYKA kompleksowe us\u0142ugi monta\u017cu nap\u0119d\u00f3w bram alarm\u00f3w monitoring\u00f3w&nbsp; Znalaz\u0142e\u015b w\u015br\u00f3d naszych us\u0142ug to czego szuka\u0142e\u015b [&hellip;]<\/p>\n","protected":false},"author":1,"featured_media":0,"parent":0,"menu_order":0,"comment_status":"closed","ping_status":"closed","template":"page-templates\/full-width-page.php","meta":{"footnotes":""},"class_list":["post-293","page","type-page","status-publish","hentry"],"_links":{"self":[{"href":"https:\/\/fhugibi.pl\/index.php\/wp-json\/wp\/v2\/pages\/293","targetHints":{"allow":["GET"]}}],"collection":[{"href":"https:\/\/fhugibi.pl\/index.php\/wp-json\/wp\/v2\/pages"}],"about":[{"href":"https:\/\/fhugibi.pl\/index.php\/wp-json\/wp\/v2\/types\/page"}],"author":[{"embeddable":true,"href":"https:\/\/fhugibi.pl\/index.php\/wp-json\/wp\/v2\/users\/1"}],"replies":[{"embeddable":true,"href":"https:\/\/fhugibi.pl\/index.php\/wp-json\/wp\/v2\/comments?post=293"}],"version-history":[{"count":3,"href":"https:\/\/fhugibi.pl\/index.php\/wp-json\/wp\/v2\/pages\/293\/revisions"}],"predecessor-version":[{"id":336,"href":"https:\/\/fhugibi.pl\/index.php\/wp-json\/wp\/v2\/pages\/293\/revisions\/336"}],"wp:attachment":[{"href":"https:\/\/fhugibi.pl\/index.php\/wp-json\/wp\/v2\/media?parent=293"}],"curies":[{"name":"wp","href":"https:\/\/api.w.org\/{rel}","templated":true}]}}